{"id":149,"date":"2017-02-08T09:38:33","date_gmt":"2017-02-08T08:38:33","guid":{"rendered":"http:\/\/medisoft.net.pl\/nfs-wp\/?page_id=149"},"modified":"2021-03-12T18:16:30","modified_gmt":"2021-03-12T17:16:30","slug":"ulotki-informacje-do-pobrania","status":"publish","type":"page","link":"https:\/\/www.nfs.org.pl\/index.php\/wiedza\/ulotki-informacje-do-pobrania\/","title":{"rendered":"Ulotki, informacje \/ do pobrania"},"content":{"rendered":"<div id=\"widget-7d4385f6-7aea-4e09-9c0e-b2d650d73943\" class=\"widget widget-text\">\n<div class=\"widget-content\">\n<h2><strong>Ulotki, broszury, ankiety, informacje \/ pliki do pobrania<\/strong><\/h2>\n<p>&nbsp;<\/p>\n<p>Ulotki, broszury i informacje\u00a0 s\u0105 podzielone na dwie cz\u0119\u015bci.<\/p>\n<p>Pierwsza jest przeznaczona dla <a class=\" link\" href=\"http:\/\/nfs.org.pl\/index.php\/do-pobrania-dla-pacjenta\/\">wszystkich u\u017cytkownik\u00f3w<\/a> &#8211; w tym <a class=\" link\" href=\"http:\/\/nfs.org.pl\/index.php\/do-pobrania-dla-pacjenta\/\">pacjent\u00f3w<\/a>.<\/p>\n<p>Druga jest przeznaczona tylko dla <a class=\" link\" href=\"http:\/\/nfs.org.pl\/index.php\/do-pobrania-dla-lekarza\/\">lekarzy<\/a> i os\u00f3b zawodowo zwi\u0105zanych ze s\u0142u\u017cb\u0105 zdrowia. <span class=\" link\"><a class=\" link\" href=\"http:\/\/nfs.org.pl\/index.php\/do-pobrania-dla-pacjenta\/\">Pacjent\u00f3w<\/a> <\/span>prosimy o nie korzystanie z tej cz\u0119\u015bci naszego serwisu.<\/p>\n<\/div>\n<\/div>\n","protected":false},"excerpt":{"rendered":"<p>Ulotki, broszury, ankiety, informacje \/ pliki do pobrania &nbsp; Ulotki, broszury i informacje\u00a0 s\u0105 podzielone na dwie cz\u0119\u015bci. Pierwsza jest przeznaczona dla wszystkich u\u017cytkownik\u00f3w &#8211; w tym pacjent\u00f3w. Druga jest przeznaczona tylko dla lekarzy i os\u00f3b zawodowo zwi\u0105zanych ze s\u0142u\u017cb\u0105 zdrowia. Pacjent\u00f3w prosimy o nie korzystanie z tej cz\u0119\u015bci naszego serwisu.<\/p>\n","protected":false},"author":1,"featured_media":0,"parent":555,"menu_order":0,"comment_status":"closed","ping_status":"closed","template":"","meta":{"footnotes":""},"class_list":["post-149","page","type-page","status-publish","hentry"],"yoast_head":"<!-- This site is optimized with the Yoast SEO plugin v25.6 - https:\/\/yoast.com\/wordpress\/plugins\/seo\/ -->\n<title>Ulotki, informacje \/ do pobrania - Narodowa Fundacja Snu<\/title>\n<meta name=\"robots\" content=\"index, follow, max-snippet:-1, max-image-preview:large, max-video-preview:-1\" \/>\n<link rel=\"canonical\" href=\"https:\/\/www.nfs.org.pl\/index.php\/wiedza\/ulotki-informacje-do-pobrania\/\" \/>\n<meta property=\"og:locale\" content=\"pl_PL\" \/>\n<meta property=\"og:type\" content=\"article\" \/>\n<meta property=\"og:title\" content=\"Ulotki, informacje \/ do pobrania - Narodowa Fundacja Snu\" \/>\n<meta property=\"og:description\" content=\"Ulotki, broszury, ankiety, informacje \/ pliki do pobrania &nbsp; Ulotki, broszury i informacje\u00a0 s\u0105 podzielone na dwie cz\u0119\u015bci. Pierwsza jest przeznaczona dla wszystkich u\u017cytkownik\u00f3w &#8211; w tym pacjent\u00f3w. Druga jest przeznaczona tylko dla lekarzy i os\u00f3b zawodowo zwi\u0105zanych ze s\u0142u\u017cb\u0105 zdrowia. Pacjent\u00f3w prosimy o nie korzystanie z tej cz\u0119\u015bci naszego serwisu.\" \/>\n<meta property=\"og:url\" content=\"https:\/\/www.nfs.org.pl\/index.php\/wiedza\/ulotki-informacje-do-pobrania\/\" \/>\n<meta property=\"og:site_name\" content=\"Narodowa Fundacja Snu\" \/>\n<meta property=\"article:publisher\" content=\"https:\/\/www.facebook.com\/Narodowa.Fundacja.Snu\/\" \/>\n<meta property=\"article:modified_time\" content=\"2021-03-12T17:16:30+00:00\" \/>\n<meta name=\"twitter:card\" content=\"summary_large_image\" \/>\n<script type=\"application\/ld+json\" class=\"yoast-schema-graph\">{\"@context\":\"https:\/\/schema.org\",\"@graph\":[{\"@type\":\"WebPage\",\"@id\":\"https:\/\/www.nfs.org.pl\/index.php\/wiedza\/ulotki-informacje-do-pobrania\/\",\"url\":\"https:\/\/www.nfs.org.pl\/index.php\/wiedza\/ulotki-informacje-do-pobrania\/\",\"name\":\"Ulotki, informacje \/ do pobrania - Narodowa Fundacja Snu\",\"isPartOf\":{\"@id\":\"https:\/\/www.nfs.org.pl\/#website\"},\"datePublished\":\"2017-02-08T08:38:33+00:00\",\"dateModified\":\"2021-03-12T17:16:30+00:00\",\"breadcrumb\":{\"@id\":\"https:\/\/www.nfs.org.pl\/index.php\/wiedza\/ulotki-informacje-do-pobrania\/#breadcrumb\"},\"inLanguage\":\"pl-PL\",\"potentialAction\":[{\"@type\":\"ReadAction\",\"target\":[\"https:\/\/www.nfs.org.pl\/index.php\/wiedza\/ulotki-informacje-do-pobrania\/\"]}]},{\"@type\":\"BreadcrumbList\",\"@id\":\"https:\/\/www.nfs.org.pl\/index.php\/wiedza\/ulotki-informacje-do-pobrania\/#breadcrumb\",\"itemListElement\":[{\"@type\":\"ListItem\",\"position\":1,\"name\":\"Strona g\u0142\u00f3wna\",\"item\":\"https:\/\/www.nfs.org.pl\/\"},{\"@type\":\"ListItem\",\"position\":2,\"name\":\"Wiedza\",\"item\":\"https:\/\/www.nfs.org.pl\/index.php\/wiedza\/\"},{\"@type\":\"ListItem\",\"position\":3,\"name\":\"Ulotki, informacje \/ do pobrania\"}]},{\"@type\":\"WebSite\",\"@id\":\"https:\/\/www.nfs.org.pl\/#website\",\"url\":\"https:\/\/www.nfs.org.pl\/\",\"name\":\"Narodowa Fundacja Snu\",\"description\":\"Sen to 1\/3 Twojego \u017cycia. Pami\u0119taj o nim!\",\"publisher\":{\"@id\":\"https:\/\/www.nfs.org.pl\/#organization\"},\"potentialAction\":[{\"@type\":\"SearchAction\",\"target\":{\"@type\":\"EntryPoint\",\"urlTemplate\":\"https:\/\/www.nfs.org.pl\/?s={search_term_string}\"},\"query-input\":{\"@type\":\"PropertyValueSpecification\",\"valueRequired\":true,\"valueName\":\"search_term_string\"}}],\"inLanguage\":\"pl-PL\"},{\"@type\":\"Organization\",\"@id\":\"https:\/\/www.nfs.org.pl\/#organization\",\"name\":\"Narodowa Fundacja Snu\",\"url\":\"https:\/\/www.nfs.org.pl\/\",\"logo\":{\"@type\":\"ImageObject\",\"inLanguage\":\"pl-PL\",\"@id\":\"https:\/\/www.nfs.org.pl\/#\/schema\/logo\/image\/\",\"url\":\"https:\/\/i0.wp.com\/www.nfs.org.pl\/wp-content\/uploads\/2020\/03\/cropped-NFS-logo-big-granat-transparent-v2.png?fit=486%2C250&ssl=1\",\"contentUrl\":\"https:\/\/i0.wp.com\/www.nfs.org.pl\/wp-content\/uploads\/2020\/03\/cropped-NFS-logo-big-granat-transparent-v2.png?fit=486%2C250&ssl=1\",\"width\":486,\"height\":250,\"caption\":\"Narodowa Fundacja Snu\"},\"image\":{\"@id\":\"https:\/\/www.nfs.org.pl\/#\/schema\/logo\/image\/\"},\"sameAs\":[\"https:\/\/www.facebook.com\/Narodowa.Fundacja.Snu\/\"]}]}<\/script>\n<!-- \/ Yoast SEO plugin. -->","yoast_head_json":{"title":"Ulotki, informacje \/ do pobrania - Narodowa Fundacja Snu","robots":{"index":"index","follow":"follow","max-snippet":"max-snippet:-1","max-image-preview":"max-image-preview:large","max-video-preview":"max-video-preview:-1"},"canonical":"https:\/\/www.nfs.org.pl\/index.php\/wiedza\/ulotki-informacje-do-pobrania\/","og_locale":"pl_PL","og_type":"article","og_title":"Ulotki, informacje \/ do pobrania - Narodowa Fundacja Snu","og_description":"Ulotki, broszury, ankiety, informacje \/ pliki do pobrania &nbsp; Ulotki, broszury i informacje\u00a0 s\u0105 podzielone na dwie cz\u0119\u015bci. Pierwsza jest przeznaczona dla wszystkich u\u017cytkownik\u00f3w &#8211; w tym pacjent\u00f3w. Druga jest przeznaczona tylko dla lekarzy i os\u00f3b zawodowo zwi\u0105zanych ze s\u0142u\u017cb\u0105 zdrowia. Pacjent\u00f3w prosimy o nie korzystanie z tej cz\u0119\u015bci naszego serwisu.","og_url":"https:\/\/www.nfs.org.pl\/index.php\/wiedza\/ulotki-informacje-do-pobrania\/","og_site_name":"Narodowa Fundacja Snu","article_publisher":"https:\/\/www.facebook.com\/Narodowa.Fundacja.Snu\/","article_modified_time":"2021-03-12T17:16:30+00:00","twitter_card":"summary_large_image","schema":{"@context":"https:\/\/schema.org","@graph":[{"@type":"WebPage","@id":"https:\/\/www.nfs.org.pl\/index.php\/wiedza\/ulotki-informacje-do-pobrania\/","url":"https:\/\/www.nfs.org.pl\/index.php\/wiedza\/ulotki-informacje-do-pobrania\/","name":"Ulotki, informacje \/ do pobrania - Narodowa Fundacja Snu","isPartOf":{"@id":"https:\/\/www.nfs.org.pl\/#website"},"datePublished":"2017-02-08T08:38:33+00:00","dateModified":"2021-03-12T17:16:30+00:00","breadcrumb":{"@id":"https:\/\/www.nfs.org.pl\/index.php\/wiedza\/ulotki-informacje-do-pobrania\/#breadcrumb"},"inLanguage":"pl-PL","potentialAction":[{"@type":"ReadAction","target":["https:\/\/www.nfs.org.pl\/index.php\/wiedza\/ulotki-informacje-do-pobrania\/"]}]},{"@type":"BreadcrumbList","@id":"https:\/\/www.nfs.org.pl\/index.php\/wiedza\/ulotki-informacje-do-pobrania\/#breadcrumb","itemListElement":[{"@type":"ListItem","position":1,"name":"Strona g\u0142\u00f3wna","item":"https:\/\/www.nfs.org.pl\/"},{"@type":"ListItem","position":2,"name":"Wiedza","item":"https:\/\/www.nfs.org.pl\/index.php\/wiedza\/"},{"@type":"ListItem","position":3,"name":"Ulotki, informacje \/ do pobrania"}]},{"@type":"WebSite","@id":"https:\/\/www.nfs.org.pl\/#website","url":"https:\/\/www.nfs.org.pl\/","name":"Narodowa Fundacja Snu","description":"Sen to 1\/3 Twojego \u017cycia. Pami\u0119taj o nim!","publisher":{"@id":"https:\/\/www.nfs.org.pl\/#organization"},"potentialAction":[{"@type":"SearchAction","target":{"@type":"EntryPoint","urlTemplate":"https:\/\/www.nfs.org.pl\/?s={search_term_string}"},"query-input":{"@type":"PropertyValueSpecification","valueRequired":true,"valueName":"search_term_string"}}],"inLanguage":"pl-PL"},{"@type":"Organization","@id":"https:\/\/www.nfs.org.pl\/#organization","name":"Narodowa Fundacja Snu","url":"https:\/\/www.nfs.org.pl\/","logo":{"@type":"ImageObject","inLanguage":"pl-PL","@id":"https:\/\/www.nfs.org.pl\/#\/schema\/logo\/image\/","url":"https:\/\/i0.wp.com\/www.nfs.org.pl\/wp-content\/uploads\/2020\/03\/cropped-NFS-logo-big-granat-transparent-v2.png?fit=486%2C250&ssl=1","contentUrl":"https:\/\/i0.wp.com\/www.nfs.org.pl\/wp-content\/uploads\/2020\/03\/cropped-NFS-logo-big-granat-transparent-v2.png?fit=486%2C250&ssl=1","width":486,"height":250,"caption":"Narodowa Fundacja Snu"},"image":{"@id":"https:\/\/www.nfs.org.pl\/#\/schema\/logo\/image\/"},"sameAs":["https:\/\/www.facebook.com\/Narodowa.Fundacja.Snu\/"]}]}},"jetpack_sharing_enabled":true,"_links":{"self":[{"href":"https:\/\/www.nfs.org.pl\/index.php\/wp-json\/wp\/v2\/pages\/149"}],"collection":[{"href":"https:\/\/www.nfs.org.pl\/index.php\/wp-json\/wp\/v2\/pages"}],"about":[{"href":"https:\/\/www.nfs.org.pl\/index.php\/wp-json\/wp\/v2\/types\/page"}],"author":[{"embeddable":true,"href":"https:\/\/www.nfs.org.pl\/index.php\/wp-json\/wp\/v2\/users\/1"}],"replies":[{"embeddable":true,"href":"https:\/\/www.nfs.org.pl\/index.php\/wp-json\/wp\/v2\/comments?post=149"}],"version-history":[{"count":0,"href":"https:\/\/www.nfs.org.pl\/index.php\/wp-json\/wp\/v2\/pages\/149\/revisions"}],"up":[{"embeddable":true,"href":"https:\/\/www.nfs.org.pl\/index.php\/wp-json\/wp\/v2\/pages\/555"}],"wp:attachment":[{"href":"https:\/\/www.nfs.org.pl\/index.php\/wp-json\/wp\/v2\/media?parent=149"}],"curies":[{"name":"wp","href":"https:\/\/api.w.org\/{rel}","templated":true}]}}