{"id":411,"date":"2018-06-19T00:24:14","date_gmt":"2018-06-18T22:24:14","guid":{"rendered":"http:\/\/www.nfs.org.pl\/?page_id=411"},"modified":"2024-06-28T21:01:43","modified_gmt":"2024-06-28T19:01:43","slug":"polityka-prywatnosci","status":"publish","type":"page","link":"https:\/\/www.nfs.org.pl\/index.php\/polityka-prywatnosci\/","title":{"rendered":"Polityka prywatno\u015bci"},"content":{"rendered":"<p style=\"text-align: center;\"><strong>Polityka prywatno\u015bci dotycz\u0105ca kontakt\u00f3w indywidualnych<\/strong><\/p>\n<p>Niniejszym informujemy Pana\/Pani\u0105, \u017ce przetwarzamy Pana\/Pani dane osobowe przekazywane nam w zwi\u0105zku z kontaktem e-mailowym lub telefonicznym.<\/p>\n<p>Dane te s\u0105 przekazywane nam poprzez wys\u0142anie do nas wiadomo\u015bci e-mail, w tym r\u00f3wnie\u017c za po\u015brednictwem formularza kontaktowego, pozostawienia pro\u015bby o kontakt telefoniczny czy te\u017c skierowania zapytania za po\u015brednictwem jakiegokolwiek innego kana\u0142u komunikacji.<\/p>\n<p>Dane te s\u0105 przetwarzane w celu kontaktu zwrotnego, ewentualnej archiwizacji korespondencji. Szczeg\u00f3\u0142y znajduj\u0105 si\u0119 poni\u017cej.<\/p>\n<p><strong>Administrator danych osobowych<\/strong><\/p>\n<p>Administratorem Pana\/Pani danych osobowych jest Narodowa Fundacja Snu, e-mail: nfs (at) nfs.org.pl, tel.: TBA.<\/p>\n<p><strong>Cele i podstawy przetwarzania<\/strong><\/p>\n<p>Dane przetwarzane s\u0105 w nast\u0119puj\u0105cych celach:<\/p>\n<ul>\n<li>odpowied\u017a zwrotna na otrzymane zapytanie e-mailowe lub kontakt telefoniczny w zwi\u0105zku z pro\u015bb\u0105 o taki kontakt skierowan\u0105 do nas \u2013 podstaw\u0105 prawn\u0105 przetwarzania danych jest Pana\/Pani zgoda wynikaj\u0105ca z zainicjowania z nami kontaktu (art. 6 ust. 1 lit. a RODO),<\/li>\n<li>archiwizacja korespondencji przychodz\u0105cej i wychodz\u0105cej na wypadek potrzeby wykazania jej przebiegu, co jest naszym prawnie uzasadnionym interesem (art. 6 ust. 1 lit. f RODO),<\/li>\n<li>je\u017celi nasz kontakt doprowadzi do nawi\u0105zania wsp\u00f3\u0142pracy, dane b\u0119d\u0105 nast\u0119pnie przetwarzane w celu zawarcia i wykonania umowy (je\u017celi do tego dojdzie, obowi\u0105zek informacyjny zostanie zrealizowany odr\u0119bnie na potrzeby dalszej wsp\u00f3\u0142pracy).<\/li>\n<\/ul>\n<p><strong>Odbiorcy danych<\/strong><\/p>\n<p>Pana\/Pani dane osobowe mo\u017cemy udost\u0119pnia\u0107 naszym podwykonawcom, czyli podmiotom, z kt\u00f3rych us\u0142ug korzystamy przy przetwarzaniu danych osobowych:<\/p>\n<ul>\n<li>operatorowi serwera internetowego przechowuj\u0105cego skrzynki pocztowe.<\/li>\n<\/ul>\n<p><strong>Okres przechowywania danych<\/strong><\/p>\n<p>Pana\/Pani dane b\u0119d\u0105 przetwarzane do czasu zako\u0144czenia komunikacji z nami. Po tym okresie mog\u0105 zosta\u0107 usuni\u0119te, ale mog\u0119 r\u00f3wnie\u017c podlega\u0107 archiwizacji, je\u017celi uznamy, \u017ce przebieg komunikacji uzasadnia takow\u0105 archiwizacj\u0119, np. z uwagi na wypadek potrzeby wykazania tego przebiegu w przysz\u0142o\u015bci. W tym zakresie nie jeste\u015bmy w stanie okre\u015bli\u0107 jednoznacznego terminu usuni\u0119cia danych (tre\u015bci wiadomo\u015bci e-mail lub sms).\u00a0 Je\u017celi nasz kontakt doprowadzi do nawi\u0105zania wsp\u00f3\u0142pracy, dane b\u0119d\u0105 nast\u0119pnie przetwarzane w celu zawarcia i wykonania umowy (je\u017celi do tego dojdzie, obowi\u0105zek informacyjny zostanie zrealizowany odr\u0119bnie na potrzeby dalszej wsp\u00f3\u0142pracy).<\/p>\n<p><strong>Uprawnienia zwi\u0105zane z przetwarzaniem<\/strong><\/p>\n<p>W zwi\u0105zku z przetwarzaniem danych osobowych przys\u0142uguj\u0105 Panu\/Pani nast\u0119puj\u0105ce uprawnienia:<\/p>\n<ul>\n<li>prawo dost\u0119pu do swoich danych oraz otrzymania ich kopii,<\/li>\n<li>prawo do sprostowania (poprawiania) swoich danych,<\/li>\n<li>prawo do usuni\u0119cia danych (je\u017celi Pana\/Pani zdaniem nie ma podstaw, aby\u015bmy przetwarzali Pana\/Pani dane, mo\u017ce Pan\/Pani \u017c\u0105da\u0107, aby\u015bmy je usun\u0119li),<\/li>\n<li>prawo do ograniczenia przetwarzania danych (mo\u017ce Pan\/Pani \u017c\u0105da\u0107, aby\u015bmy ograniczyli przetwarzanie danych wy\u0142\u0105cznie do ich przechowywania lub wykonywania uzgodnionych z Panem\/Pani\u0105 dzia\u0142a\u0144, je\u017celi mamy nieprawid\u0142owe dane lub przetwarzamy je bezpodstawnie),<\/li>\n<li>prawo do wniesienia sprzeciwu wobec przetwarzania danych (ma Pan\/Pani prawo do sprzeciwu wobec przetwarzania danych na podstawie prawnie uzasadnionego interesu; powinien Pan\/Pani wskaza\u0107 nam Pana\/Pani szczeg\u00f3ln\u0105 sytuacj\u0119, kt\u00f3ra Pana\/Pani zdaniem uzasadnia zaprzestanie przez nas przetwarzania obj\u0119tego sprzeciwem. Przestaniemy przetwarza\u0107 Pana\/Pani dane w tych celach, chyba \u017ce wyka\u017cemy, \u017ce podstawy przetwarzania przez nas danych s\u0105 nadrz\u0119dne wobec Pana\/Pani praw lub te\u017c, \u017ce Pana\/Pani dane s\u0105 nam niezb\u0119dne do ustalenia, dochodzenia lub obrony roszcze\u0144),<\/li>\n<li>prawo do przenoszenia danych (ma Pan\/Pani prawo otrzyma\u0107 od nas w ustrukturyzowanym, powszechnie u\u017cywanym formacie nadaj\u0105cym si\u0119 do odczytu maszynowego dane osobowe, kt\u00f3re Pan\/Pani nam dostarczy\u0142 na podstawie umowy lub Pana\/Pani zgody. Mo\u017ce nam Pan\/Pani zleci\u0107 przes\u0142anie tych danych bezpo\u015brednio innemu podmiotowi),<\/li>\n<li>prawo wniesienia skargi od organu nadzorczego (je\u017celi stwierdzi Pan\/Pani, \u017ce przetwarzamy dane niezgodnie z prawem, mo\u017ce Pan\/Pani z\u0142o\u017cy\u0107 w tej sprawie skarg\u0119 do Prezesa Urz\u0119du Ochrony Danych Osobowych lub innego w\u0142a\u015bciwego organu nadzorczego).<\/li>\n<\/ul>\n<p>W celu wykonania swoich praw prosimy skierowa\u0107 swoje \u017c\u0105danie pod adres e-mail nfs (at) nfs.org.pl Prosz\u0119 pami\u0119ta\u0107, \u017ce przed realizacj\u0105 Pana\/Pani uprawnie\u0144 b\u0119dziemy musieli odpowiednio Pana\/Pani\u0105\u00a0zidentyfikowa\u0107.<\/p>\n<p><strong>Informacja o wymogu\/dobrowolno\u015bci podany danych<\/strong><\/p>\n<p>Podanie przez Pana\/Pani\u0105 danych jest warunkiem nawi\u0105zania z nami kontaktu.<\/p>\n","protected":false},"excerpt":{"rendered":"<p>Polityka prywatno\u015bci dotycz\u0105ca kontakt\u00f3w indywidualnych Niniejszym informujemy Pana\/Pani\u0105, \u017ce przetwarzamy Pana\/Pani dane osobowe przekazywane nam w zwi\u0105zku z kontaktem e-mailowym lub telefonicznym. Dane te s\u0105 przekazywane nam poprzez wys\u0142anie do nas wiadomo\u015bci e-mail, w tym r\u00f3wnie\u017c za po\u015brednictwem formularza kontaktowego, pozostawienia pro\u015bby o kontakt telefoniczny czy te\u017c skierowania zapytania za po\u015brednictwem jakiegokolwiek innego kana\u0142u komunikacji. &hellip; <\/p>\n<p class=\"link-more\"><a href=\"https:\/\/www.nfs.org.pl\/index.php\/polityka-prywatnosci\/\" class=\"more-link\">Czytaj dalej<span class=\"screen-reader-text\"> \u201ePolityka prywatno\u015bci\u201d<\/span><\/a><\/p>\n","protected":false},"author":1,"featured_media":0,"parent":0,"menu_order":0,"comment_status":"closed","ping_status":"closed","template":"","meta":{"footnotes":""},"class_list":["post-411","page","type-page","status-publish","hentry"],"yoast_head":"<!-- This site is optimized with the Yoast SEO plugin v25.6 - https:\/\/yoast.com\/wordpress\/plugins\/seo\/ -->\n<title>Polityka prywatno\u015bci - Narodowa Fundacja Snu<\/title>\n<meta name=\"robots\" content=\"index, follow, max-snippet:-1, max-image-preview:large, max-video-preview:-1\" \/>\n<link rel=\"canonical\" href=\"https:\/\/www.nfs.org.pl\/index.php\/polityka-prywatnosci\/\" \/>\n<meta property=\"og:locale\" content=\"pl_PL\" \/>\n<meta property=\"og:type\" content=\"article\" \/>\n<meta property=\"og:title\" content=\"Polityka prywatno\u015bci - Narodowa Fundacja Snu\" \/>\n<meta property=\"og:description\" content=\"Polityka prywatno\u015bci dotycz\u0105ca kontakt\u00f3w indywidualnych Niniejszym informujemy Pana\/Pani\u0105, \u017ce przetwarzamy Pana\/Pani dane osobowe przekazywane nam w zwi\u0105zku z kontaktem e-mailowym lub telefonicznym. Dane te s\u0105 przekazywane nam poprzez wys\u0142anie do nas wiadomo\u015bci e-mail, w tym r\u00f3wnie\u017c za po\u015brednictwem formularza kontaktowego, pozostawienia pro\u015bby o kontakt telefoniczny czy te\u017c skierowania zapytania za po\u015brednictwem jakiegokolwiek innego kana\u0142u komunikacji. &hellip; Czytaj dalej \u201ePolityka prywatno\u015bci\u201d\" \/>\n<meta property=\"og:url\" content=\"https:\/\/www.nfs.org.pl\/index.php\/polityka-prywatnosci\/\" \/>\n<meta property=\"og:site_name\" content=\"Narodowa Fundacja Snu\" \/>\n<meta property=\"article:publisher\" content=\"https:\/\/www.facebook.com\/Narodowa.Fundacja.Snu\/\" \/>\n<meta property=\"article:modified_time\" content=\"2024-06-28T19:01:43+00:00\" \/>\n<meta name=\"twitter:card\" content=\"summary_large_image\" \/>\n<meta name=\"twitter:label1\" content=\"Szacowany czas czytania\" \/>\n\t<meta name=\"twitter:data1\" content=\"4 minuty\" \/>\n<script type=\"application\/ld+json\" class=\"yoast-schema-graph\">{\"@context\":\"https:\/\/schema.org\",\"@graph\":[{\"@type\":\"WebPage\",\"@id\":\"https:\/\/www.nfs.org.pl\/index.php\/polityka-prywatnosci\/\",\"url\":\"https:\/\/www.nfs.org.pl\/index.php\/polityka-prywatnosci\/\",\"name\":\"Polityka prywatno\u015bci - Narodowa Fundacja Snu\",\"isPartOf\":{\"@id\":\"https:\/\/www.nfs.org.pl\/#website\"},\"datePublished\":\"2018-06-18T22:24:14+00:00\",\"dateModified\":\"2024-06-28T19:01:43+00:00\",\"breadcrumb\":{\"@id\":\"https:\/\/www.nfs.org.pl\/index.php\/polityka-prywatnosci\/#breadcrumb\"},\"inLanguage\":\"pl-PL\",\"potentialAction\":[{\"@type\":\"ReadAction\",\"target\":[\"https:\/\/www.nfs.org.pl\/index.php\/polityka-prywatnosci\/\"]}]},{\"@type\":\"BreadcrumbList\",\"@id\":\"https:\/\/www.nfs.org.pl\/index.php\/polityka-prywatnosci\/#breadcrumb\",\"itemListElement\":[{\"@type\":\"ListItem\",\"position\":1,\"name\":\"Strona g\u0142\u00f3wna\",\"item\":\"https:\/\/www.nfs.org.pl\/\"},{\"@type\":\"ListItem\",\"position\":2,\"name\":\"Polityka prywatno\u015bci\"}]},{\"@type\":\"WebSite\",\"@id\":\"https:\/\/www.nfs.org.pl\/#website\",\"url\":\"https:\/\/www.nfs.org.pl\/\",\"name\":\"Narodowa Fundacja Snu\",\"description\":\"Sen to 1\/3 Twojego \u017cycia. Pami\u0119taj o nim!\",\"publisher\":{\"@id\":\"https:\/\/www.nfs.org.pl\/#organization\"},\"potentialAction\":[{\"@type\":\"SearchAction\",\"target\":{\"@type\":\"EntryPoint\",\"urlTemplate\":\"https:\/\/www.nfs.org.pl\/?s={search_term_string}\"},\"query-input\":{\"@type\":\"PropertyValueSpecification\",\"valueRequired\":true,\"valueName\":\"search_term_string\"}}],\"inLanguage\":\"pl-PL\"},{\"@type\":\"Organization\",\"@id\":\"https:\/\/www.nfs.org.pl\/#organization\",\"name\":\"Narodowa Fundacja Snu\",\"url\":\"https:\/\/www.nfs.org.pl\/\",\"logo\":{\"@type\":\"ImageObject\",\"inLanguage\":\"pl-PL\",\"@id\":\"https:\/\/www.nfs.org.pl\/#\/schema\/logo\/image\/\",\"url\":\"https:\/\/i0.wp.com\/www.nfs.org.pl\/wp-content\/uploads\/2020\/03\/cropped-NFS-logo-big-granat-transparent-v2.png?fit=486%2C250&ssl=1\",\"contentUrl\":\"https:\/\/i0.wp.com\/www.nfs.org.pl\/wp-content\/uploads\/2020\/03\/cropped-NFS-logo-big-granat-transparent-v2.png?fit=486%2C250&ssl=1\",\"width\":486,\"height\":250,\"caption\":\"Narodowa Fundacja Snu\"},\"image\":{\"@id\":\"https:\/\/www.nfs.org.pl\/#\/schema\/logo\/image\/\"},\"sameAs\":[\"https:\/\/www.facebook.com\/Narodowa.Fundacja.Snu\/\"]}]}<\/script>\n<!-- \/ Yoast SEO plugin. -->","yoast_head_json":{"title":"Polityka prywatno\u015bci - Narodowa Fundacja Snu","robots":{"index":"index","follow":"follow","max-snippet":"max-snippet:-1","max-image-preview":"max-image-preview:large","max-video-preview":"max-video-preview:-1"},"canonical":"https:\/\/www.nfs.org.pl\/index.php\/polityka-prywatnosci\/","og_locale":"pl_PL","og_type":"article","og_title":"Polityka prywatno\u015bci - Narodowa Fundacja Snu","og_description":"Polityka prywatno\u015bci dotycz\u0105ca kontakt\u00f3w indywidualnych Niniejszym informujemy Pana\/Pani\u0105, \u017ce przetwarzamy Pana\/Pani dane osobowe przekazywane nam w zwi\u0105zku z kontaktem e-mailowym lub telefonicznym. Dane te s\u0105 przekazywane nam poprzez wys\u0142anie do nas wiadomo\u015bci e-mail, w tym r\u00f3wnie\u017c za po\u015brednictwem formularza kontaktowego, pozostawienia pro\u015bby o kontakt telefoniczny czy te\u017c skierowania zapytania za po\u015brednictwem jakiegokolwiek innego kana\u0142u komunikacji. &hellip; Czytaj dalej \u201ePolityka prywatno\u015bci\u201d","og_url":"https:\/\/www.nfs.org.pl\/index.php\/polityka-prywatnosci\/","og_site_name":"Narodowa Fundacja Snu","article_publisher":"https:\/\/www.facebook.com\/Narodowa.Fundacja.Snu\/","article_modified_time":"2024-06-28T19:01:43+00:00","twitter_card":"summary_large_image","twitter_misc":{"Szacowany czas czytania":"4 minuty"},"schema":{"@context":"https:\/\/schema.org","@graph":[{"@type":"WebPage","@id":"https:\/\/www.nfs.org.pl\/index.php\/polityka-prywatnosci\/","url":"https:\/\/www.nfs.org.pl\/index.php\/polityka-prywatnosci\/","name":"Polityka prywatno\u015bci - Narodowa Fundacja Snu","isPartOf":{"@id":"https:\/\/www.nfs.org.pl\/#website"},"datePublished":"2018-06-18T22:24:14+00:00","dateModified":"2024-06-28T19:01:43+00:00","breadcrumb":{"@id":"https:\/\/www.nfs.org.pl\/index.php\/polityka-prywatnosci\/#breadcrumb"},"inLanguage":"pl-PL","potentialAction":[{"@type":"ReadAction","target":["https:\/\/www.nfs.org.pl\/index.php\/polityka-prywatnosci\/"]}]},{"@type":"BreadcrumbList","@id":"https:\/\/www.nfs.org.pl\/index.php\/polityka-prywatnosci\/#breadcrumb","itemListElement":[{"@type":"ListItem","position":1,"name":"Strona g\u0142\u00f3wna","item":"https:\/\/www.nfs.org.pl\/"},{"@type":"ListItem","position":2,"name":"Polityka prywatno\u015bci"}]},{"@type":"WebSite","@id":"https:\/\/www.nfs.org.pl\/#website","url":"https:\/\/www.nfs.org.pl\/","name":"Narodowa Fundacja Snu","description":"Sen to 1\/3 Twojego \u017cycia. Pami\u0119taj o nim!","publisher":{"@id":"https:\/\/www.nfs.org.pl\/#organization"},"potentialAction":[{"@type":"SearchAction","target":{"@type":"EntryPoint","urlTemplate":"https:\/\/www.nfs.org.pl\/?s={search_term_string}"},"query-input":{"@type":"PropertyValueSpecification","valueRequired":true,"valueName":"search_term_string"}}],"inLanguage":"pl-PL"},{"@type":"Organization","@id":"https:\/\/www.nfs.org.pl\/#organization","name":"Narodowa Fundacja Snu","url":"https:\/\/www.nfs.org.pl\/","logo":{"@type":"ImageObject","inLanguage":"pl-PL","@id":"https:\/\/www.nfs.org.pl\/#\/schema\/logo\/image\/","url":"https:\/\/i0.wp.com\/www.nfs.org.pl\/wp-content\/uploads\/2020\/03\/cropped-NFS-logo-big-granat-transparent-v2.png?fit=486%2C250&ssl=1","contentUrl":"https:\/\/i0.wp.com\/www.nfs.org.pl\/wp-content\/uploads\/2020\/03\/cropped-NFS-logo-big-granat-transparent-v2.png?fit=486%2C250&ssl=1","width":486,"height":250,"caption":"Narodowa Fundacja Snu"},"image":{"@id":"https:\/\/www.nfs.org.pl\/#\/schema\/logo\/image\/"},"sameAs":["https:\/\/www.facebook.com\/Narodowa.Fundacja.Snu\/"]}]}},"jetpack_sharing_enabled":true,"_links":{"self":[{"href":"https:\/\/www.nfs.org.pl\/index.php\/wp-json\/wp\/v2\/pages\/411"}],"collection":[{"href":"https:\/\/www.nfs.org.pl\/index.php\/wp-json\/wp\/v2\/pages"}],"about":[{"href":"https:\/\/www.nfs.org.pl\/index.php\/wp-json\/wp\/v2\/types\/page"}],"author":[{"embeddable":true,"href":"https:\/\/www.nfs.org.pl\/index.php\/wp-json\/wp\/v2\/users\/1"}],"replies":[{"embeddable":true,"href":"https:\/\/www.nfs.org.pl\/index.php\/wp-json\/wp\/v2\/comments?post=411"}],"version-history":[{"count":1,"href":"https:\/\/www.nfs.org.pl\/index.php\/wp-json\/wp\/v2\/pages\/411\/revisions"}],"predecessor-version":[{"id":1173,"href":"https:\/\/www.nfs.org.pl\/index.php\/wp-json\/wp\/v2\/pages\/411\/revisions\/1173"}],"wp:attachment":[{"href":"https:\/\/www.nfs.org.pl\/index.php\/wp-json\/wp\/v2\/media?parent=411"}],"curies":[{"name":"wp","href":"https:\/\/api.w.org\/{rel}","templated":true}]}}