{"id":550,"date":"2017-02-07T16:02:06","date_gmt":"2017-02-07T15:02:06","guid":{"rendered":"http:\/\/medisoft.net.pl\/nfs-wp\/?page_id=7"},"modified":"2017-02-07T16:02:06","modified_gmt":"2017-02-07T15:02:06","slug":"strona-glowna-2","status":"publish","type":"page","link":"https:\/\/www.nfs.org.pl\/","title":{"rendered":"Strona g\u0142\u00f3wna"},"content":{"rendered":"<div id=\"widget-ce60ead3-3641-ac16-bc44-e1ceaba6f76f\" class=\"widget widget-text\">\n<div class=\"widget-content\">\n<p><strong>Witamy na stronie Narodowej Fundacji Snu!<\/strong><\/p>\n<p>Znaj\u0105c znaczenie snu i problematyk\u0119 jego zaburze\u0144 i zak\u0142\u00f3ce\u0144 b\u0119dziemy dok\u0142adali wszelkich stara\u0144, aby przekazywa\u0107 Pa\u0144stwu najbardziej warto\u015bciowe informacje na ten temat.<\/p>\n<p>Zapraszamy do lektury i wsp\u00f3\u0142pracy.<\/p>\n<p>Zarz\u0105d i Rada NFS<\/p>\n<\/div>\n<\/div>\n<p>&nbsp;<\/p>\n<p><em><span style=\"font-family: arial,helvetica,sans-serif; font-size: 10pt;\">Zdj\u0119cia zaczerpn\u0119li\u015bmy z <a href=\"http:\/\/www.freepik.com\" target=\"_blank\" rel=\"noopener noreferrer\">www.freepik.com<\/a>.<\/span><\/em><\/p>\n","protected":false},"excerpt":{"rendered":"<p>Witamy na stronie Narodowej Fundacji Snu! Znaj\u0105c znaczenie snu i problematyk\u0119 jego zaburze\u0144 i zak\u0142\u00f3ce\u0144 b\u0119dziemy dok\u0142adali wszelkich stara\u0144, aby przekazywa\u0107 Pa\u0144stwu najbardziej warto\u015bciowe informacje na ten temat. Zapraszamy do lektury i wsp\u00f3\u0142pracy. Zarz\u0105d i Rada NFS &nbsp; Zdj\u0119cia zaczerpn\u0119li\u015bmy z www.freepik.com.<\/p>\n","protected":false},"author":1,"featured_media":0,"parent":0,"menu_order":0,"comment_status":"closed","ping_status":"closed","template":"","meta":{"footnotes":""},"class_list":["post-550","page","type-page","status-publish","hentry"],"yoast_head":"<!-- This site is optimized with the Yoast SEO plugin v25.6 - https:\/\/yoast.com\/wordpress\/plugins\/seo\/ -->\n<title>Strona g\u0142\u00f3wna - Narodowa Fundacja Snu<\/title>\n<meta name=\"robots\" content=\"index, follow, max-snippet:-1, max-image-preview:large, max-video-preview:-1\" \/>\n<link rel=\"canonical\" href=\"https:\/\/www.nfs.org.pl\/\" \/>\n<meta property=\"og:locale\" content=\"pl_PL\" \/>\n<meta property=\"og:type\" content=\"article\" \/>\n<meta property=\"og:title\" content=\"Strona g\u0142\u00f3wna - Narodowa Fundacja Snu\" \/>\n<meta property=\"og:description\" content=\"Witamy na stronie Narodowej Fundacji Snu! Znaj\u0105c znaczenie snu i problematyk\u0119 jego zaburze\u0144 i zak\u0142\u00f3ce\u0144 b\u0119dziemy dok\u0142adali wszelkich stara\u0144, aby przekazywa\u0107 Pa\u0144stwu najbardziej warto\u015bciowe informacje na ten temat. Zapraszamy do lektury i wsp\u00f3\u0142pracy. Zarz\u0105d i Rada NFS &nbsp; Zdj\u0119cia zaczerpn\u0119li\u015bmy z www.freepik.com.\" \/>\n<meta property=\"og:url\" content=\"https:\/\/www.nfs.org.pl\/\" \/>\n<meta property=\"og:site_name\" content=\"Narodowa Fundacja Snu\" \/>\n<meta property=\"article:publisher\" content=\"https:\/\/www.facebook.com\/Narodowa.Fundacja.Snu\/\" \/>\n<meta name=\"twitter:card\" content=\"summary_large_image\" \/>\n<script type=\"application\/ld+json\" class=\"yoast-schema-graph\">{\"@context\":\"https:\/\/schema.org\",\"@graph\":[{\"@type\":\"WebPage\",\"@id\":\"https:\/\/www.nfs.org.pl\/\",\"url\":\"https:\/\/www.nfs.org.pl\/\",\"name\":\"Strona g\u0142\u00f3wna - Narodowa Fundacja Snu\",\"isPartOf\":{\"@id\":\"https:\/\/www.nfs.org.pl\/#website\"},\"datePublished\":\"2017-02-07T15:02:06+00:00\",\"breadcrumb\":{\"@id\":\"https:\/\/www.nfs.org.pl\/#breadcrumb\"},\"inLanguage\":\"pl-PL\",\"potentialAction\":[{\"@type\":\"ReadAction\",\"target\":[\"https:\/\/www.nfs.org.pl\/\"]}]},{\"@type\":\"BreadcrumbList\",\"@id\":\"https:\/\/www.nfs.org.pl\/#breadcrumb\",\"itemListElement\":[{\"@type\":\"ListItem\",\"position\":1,\"name\":\"Strona g\u0142\u00f3wna\",\"item\":\"https:\/\/www.nfs.org.pl\/\"},{\"@type\":\"ListItem\",\"position\":2,\"name\":\"Strona g\u0142\u00f3wna\"}]},{\"@type\":\"WebSite\",\"@id\":\"https:\/\/www.nfs.org.pl\/#website\",\"url\":\"https:\/\/www.nfs.org.pl\/\",\"name\":\"Narodowa Fundacja Snu\",\"description\":\"Sen to 1\/3 Twojego \u017cycia. Pami\u0119taj o nim!\",\"publisher\":{\"@id\":\"https:\/\/www.nfs.org.pl\/#organization\"},\"potentialAction\":[{\"@type\":\"SearchAction\",\"target\":{\"@type\":\"EntryPoint\",\"urlTemplate\":\"https:\/\/www.nfs.org.pl\/?s={search_term_string}\"},\"query-input\":{\"@type\":\"PropertyValueSpecification\",\"valueRequired\":true,\"valueName\":\"search_term_string\"}}],\"inLanguage\":\"pl-PL\"},{\"@type\":\"Organization\",\"@id\":\"https:\/\/www.nfs.org.pl\/#organization\",\"name\":\"Narodowa Fundacja Snu\",\"url\":\"https:\/\/www.nfs.org.pl\/\",\"logo\":{\"@type\":\"ImageObject\",\"inLanguage\":\"pl-PL\",\"@id\":\"https:\/\/www.nfs.org.pl\/#\/schema\/logo\/image\/\",\"url\":\"https:\/\/i0.wp.com\/www.nfs.org.pl\/wp-content\/uploads\/2020\/03\/cropped-NFS-logo-big-granat-transparent-v2.png?fit=486%2C250&ssl=1\",\"contentUrl\":\"https:\/\/i0.wp.com\/www.nfs.org.pl\/wp-content\/uploads\/2020\/03\/cropped-NFS-logo-big-granat-transparent-v2.png?fit=486%2C250&ssl=1\",\"width\":486,\"height\":250,\"caption\":\"Narodowa Fundacja Snu\"},\"image\":{\"@id\":\"https:\/\/www.nfs.org.pl\/#\/schema\/logo\/image\/\"},\"sameAs\":[\"https:\/\/www.facebook.com\/Narodowa.Fundacja.Snu\/\"]}]}<\/script>\n<!-- \/ Yoast SEO plugin. -->","yoast_head_json":{"title":"Strona g\u0142\u00f3wna - Narodowa Fundacja Snu","robots":{"index":"index","follow":"follow","max-snippet":"max-snippet:-1","max-image-preview":"max-image-preview:large","max-video-preview":"max-video-preview:-1"},"canonical":"https:\/\/www.nfs.org.pl\/","og_locale":"pl_PL","og_type":"article","og_title":"Strona g\u0142\u00f3wna - Narodowa Fundacja Snu","og_description":"Witamy na stronie Narodowej Fundacji Snu! Znaj\u0105c znaczenie snu i problematyk\u0119 jego zaburze\u0144 i zak\u0142\u00f3ce\u0144 b\u0119dziemy dok\u0142adali wszelkich stara\u0144, aby przekazywa\u0107 Pa\u0144stwu najbardziej warto\u015bciowe informacje na ten temat. Zapraszamy do lektury i wsp\u00f3\u0142pracy. Zarz\u0105d i Rada NFS &nbsp; Zdj\u0119cia zaczerpn\u0119li\u015bmy z www.freepik.com.","og_url":"https:\/\/www.nfs.org.pl\/","og_site_name":"Narodowa Fundacja Snu","article_publisher":"https:\/\/www.facebook.com\/Narodowa.Fundacja.Snu\/","twitter_card":"summary_large_image","schema":{"@context":"https:\/\/schema.org","@graph":[{"@type":"WebPage","@id":"https:\/\/www.nfs.org.pl\/","url":"https:\/\/www.nfs.org.pl\/","name":"Strona g\u0142\u00f3wna - Narodowa Fundacja Snu","isPartOf":{"@id":"https:\/\/www.nfs.org.pl\/#website"},"datePublished":"2017-02-07T15:02:06+00:00","breadcrumb":{"@id":"https:\/\/www.nfs.org.pl\/#breadcrumb"},"inLanguage":"pl-PL","potentialAction":[{"@type":"ReadAction","target":["https:\/\/www.nfs.org.pl\/"]}]},{"@type":"BreadcrumbList","@id":"https:\/\/www.nfs.org.pl\/#breadcrumb","itemListElement":[{"@type":"ListItem","position":1,"name":"Strona g\u0142\u00f3wna","item":"https:\/\/www.nfs.org.pl\/"},{"@type":"ListItem","position":2,"name":"Strona g\u0142\u00f3wna"}]},{"@type":"WebSite","@id":"https:\/\/www.nfs.org.pl\/#website","url":"https:\/\/www.nfs.org.pl\/","name":"Narodowa Fundacja Snu","description":"Sen to 1\/3 Twojego \u017cycia. Pami\u0119taj o nim!","publisher":{"@id":"https:\/\/www.nfs.org.pl\/#organization"},"potentialAction":[{"@type":"SearchAction","target":{"@type":"EntryPoint","urlTemplate":"https:\/\/www.nfs.org.pl\/?s={search_term_string}"},"query-input":{"@type":"PropertyValueSpecification","valueRequired":true,"valueName":"search_term_string"}}],"inLanguage":"pl-PL"},{"@type":"Organization","@id":"https:\/\/www.nfs.org.pl\/#organization","name":"Narodowa Fundacja Snu","url":"https:\/\/www.nfs.org.pl\/","logo":{"@type":"ImageObject","inLanguage":"pl-PL","@id":"https:\/\/www.nfs.org.pl\/#\/schema\/logo\/image\/","url":"https:\/\/i0.wp.com\/www.nfs.org.pl\/wp-content\/uploads\/2020\/03\/cropped-NFS-logo-big-granat-transparent-v2.png?fit=486%2C250&ssl=1","contentUrl":"https:\/\/i0.wp.com\/www.nfs.org.pl\/wp-content\/uploads\/2020\/03\/cropped-NFS-logo-big-granat-transparent-v2.png?fit=486%2C250&ssl=1","width":486,"height":250,"caption":"Narodowa Fundacja Snu"},"image":{"@id":"https:\/\/www.nfs.org.pl\/#\/schema\/logo\/image\/"},"sameAs":["https:\/\/www.facebook.com\/Narodowa.Fundacja.Snu\/"]}]}},"jetpack_sharing_enabled":true,"_links":{"self":[{"href":"https:\/\/www.nfs.org.pl\/index.php\/wp-json\/wp\/v2\/pages\/550"}],"collection":[{"href":"https:\/\/www.nfs.org.pl\/index.php\/wp-json\/wp\/v2\/pages"}],"about":[{"href":"https:\/\/www.nfs.org.pl\/index.php\/wp-json\/wp\/v2\/types\/page"}],"author":[{"embeddable":true,"href":"https:\/\/www.nfs.org.pl\/index.php\/wp-json\/wp\/v2\/users\/1"}],"replies":[{"embeddable":true,"href":"https:\/\/www.nfs.org.pl\/index.php\/wp-json\/wp\/v2\/comments?post=550"}],"version-history":[{"count":0,"href":"https:\/\/www.nfs.org.pl\/index.php\/wp-json\/wp\/v2\/pages\/550\/revisions"}],"wp:attachment":[{"href":"https:\/\/www.nfs.org.pl\/index.php\/wp-json\/wp\/v2\/media?parent=550"}],"curies":[{"name":"wp","href":"https:\/\/api.w.org\/{rel}","templated":true}]}}