{"id":62,"date":"2017-02-07T16:44:39","date_gmt":"2017-02-07T15:44:39","guid":{"rendered":"http:\/\/medisoft.net.pl\/nfs-wp\/?page_id=62"},"modified":"2017-02-07T16:44:39","modified_gmt":"2017-02-07T15:44:39","slug":"misja","status":"publish","type":"page","link":"https:\/\/www.nfs.org.pl\/index.php\/misja\/","title":{"rendered":"Misja"},"content":{"rendered":"<div id=\"widget-d3d16cb2-9b17-1725-a11b-113983d99432\" class=\"widget widget-text\">\n<div class=\"widget-content\">\n<p>Sen to 1\/3 naszego \u017cycia.<\/p>\n<p>Nasz\u0105 misj\u0105 jest u\u015bwiadomienie osobom odpowiedzialnym za opiek\u0119 zdrowotn\u0105 i wszystkim Polakom jego znaczenia i wagi.<\/p>\n<p>Chcemy poprawi\u0107 jako\u015b\u0107 opieki zdrowotnej zwi\u0105zanej ze snem. Chcemy poprawi\u0107 nasze wsp\u00f3lne bezpiecze\u0144stwo, zwiazane z przem\u0119czonymi i niewyspanymi kierowcami, pracownikami transportu.<\/p>\n<p>Chcemy r\u00f3wnie\u017c u\u015bwiadomi\u0107 rodzicom jak wa\u017cny jest sen ich pociech.<\/p>\n<\/div>\n<\/div>\n","protected":false},"excerpt":{"rendered":"<p>Sen to 1\/3 naszego \u017cycia. Nasz\u0105 misj\u0105 jest u\u015bwiadomienie osobom odpowiedzialnym za opiek\u0119 zdrowotn\u0105 i wszystkim Polakom jego znaczenia i wagi. Chcemy poprawi\u0107 jako\u015b\u0107 opieki zdrowotnej zwi\u0105zanej ze snem. Chcemy poprawi\u0107 nasze wsp\u00f3lne bezpiecze\u0144stwo, zwiazane z przem\u0119czonymi i niewyspanymi kierowcami, pracownikami transportu. Chcemy r\u00f3wnie\u017c u\u015bwiadomi\u0107 rodzicom jak wa\u017cny jest sen ich pociech.<\/p>\n","protected":false},"author":1,"featured_media":0,"parent":0,"menu_order":0,"comment_status":"closed","ping_status":"closed","template":"","meta":{"footnotes":""},"class_list":["post-62","page","type-page","status-publish","hentry"],"yoast_head":"<!-- This site is optimized with the Yoast SEO plugin v25.6 - https:\/\/yoast.com\/wordpress\/plugins\/seo\/ -->\n<title>Misja - Narodowa Fundacja Snu<\/title>\n<meta name=\"robots\" content=\"index, follow, max-snippet:-1, max-image-preview:large, max-video-preview:-1\" \/>\n<link rel=\"canonical\" href=\"https:\/\/www.nfs.org.pl\/index.php\/misja\/\" \/>\n<meta property=\"og:locale\" content=\"pl_PL\" \/>\n<meta property=\"og:type\" content=\"article\" \/>\n<meta property=\"og:title\" content=\"Misja - Narodowa Fundacja Snu\" \/>\n<meta property=\"og:description\" content=\"Sen to 1\/3 naszego \u017cycia. Nasz\u0105 misj\u0105 jest u\u015bwiadomienie osobom odpowiedzialnym za opiek\u0119 zdrowotn\u0105 i wszystkim Polakom jego znaczenia i wagi. Chcemy poprawi\u0107 jako\u015b\u0107 opieki zdrowotnej zwi\u0105zanej ze snem. Chcemy poprawi\u0107 nasze wsp\u00f3lne bezpiecze\u0144stwo, zwiazane z przem\u0119czonymi i niewyspanymi kierowcami, pracownikami transportu. Chcemy r\u00f3wnie\u017c u\u015bwiadomi\u0107 rodzicom jak wa\u017cny jest sen ich pociech.\" \/>\n<meta property=\"og:url\" content=\"https:\/\/www.nfs.org.pl\/index.php\/misja\/\" \/>\n<meta property=\"og:site_name\" content=\"Narodowa Fundacja Snu\" \/>\n<meta property=\"article:publisher\" content=\"https:\/\/www.facebook.com\/Narodowa.Fundacja.Snu\/\" \/>\n<meta name=\"twitter:card\" content=\"summary_large_image\" \/>\n<script type=\"application\/ld+json\" class=\"yoast-schema-graph\">{\"@context\":\"https:\/\/schema.org\",\"@graph\":[{\"@type\":\"WebPage\",\"@id\":\"https:\/\/www.nfs.org.pl\/index.php\/misja\/\",\"url\":\"https:\/\/www.nfs.org.pl\/index.php\/misja\/\",\"name\":\"Misja - Narodowa Fundacja Snu\",\"isPartOf\":{\"@id\":\"https:\/\/www.nfs.org.pl\/#website\"},\"datePublished\":\"2017-02-07T15:44:39+00:00\",\"breadcrumb\":{\"@id\":\"https:\/\/www.nfs.org.pl\/index.php\/misja\/#breadcrumb\"},\"inLanguage\":\"pl-PL\",\"potentialAction\":[{\"@type\":\"ReadAction\",\"target\":[\"https:\/\/www.nfs.org.pl\/index.php\/misja\/\"]}]},{\"@type\":\"BreadcrumbList\",\"@id\":\"https:\/\/www.nfs.org.pl\/index.php\/misja\/#breadcrumb\",\"itemListElement\":[{\"@type\":\"ListItem\",\"position\":1,\"name\":\"Strona g\u0142\u00f3wna\",\"item\":\"https:\/\/www.nfs.org.pl\/\"},{\"@type\":\"ListItem\",\"position\":2,\"name\":\"Misja\"}]},{\"@type\":\"WebSite\",\"@id\":\"https:\/\/www.nfs.org.pl\/#website\",\"url\":\"https:\/\/www.nfs.org.pl\/\",\"name\":\"Narodowa Fundacja Snu\",\"description\":\"Sen to 1\/3 Twojego \u017cycia. Pami\u0119taj o nim!\",\"publisher\":{\"@id\":\"https:\/\/www.nfs.org.pl\/#organization\"},\"potentialAction\":[{\"@type\":\"SearchAction\",\"target\":{\"@type\":\"EntryPoint\",\"urlTemplate\":\"https:\/\/www.nfs.org.pl\/?s={search_term_string}\"},\"query-input\":{\"@type\":\"PropertyValueSpecification\",\"valueRequired\":true,\"valueName\":\"search_term_string\"}}],\"inLanguage\":\"pl-PL\"},{\"@type\":\"Organization\",\"@id\":\"https:\/\/www.nfs.org.pl\/#organization\",\"name\":\"Narodowa Fundacja Snu\",\"url\":\"https:\/\/www.nfs.org.pl\/\",\"logo\":{\"@type\":\"ImageObject\",\"inLanguage\":\"pl-PL\",\"@id\":\"https:\/\/www.nfs.org.pl\/#\/schema\/logo\/image\/\",\"url\":\"https:\/\/i0.wp.com\/www.nfs.org.pl\/wp-content\/uploads\/2020\/03\/cropped-NFS-logo-big-granat-transparent-v2.png?fit=486%2C250&ssl=1\",\"contentUrl\":\"https:\/\/i0.wp.com\/www.nfs.org.pl\/wp-content\/uploads\/2020\/03\/cropped-NFS-logo-big-granat-transparent-v2.png?fit=486%2C250&ssl=1\",\"width\":486,\"height\":250,\"caption\":\"Narodowa Fundacja Snu\"},\"image\":{\"@id\":\"https:\/\/www.nfs.org.pl\/#\/schema\/logo\/image\/\"},\"sameAs\":[\"https:\/\/www.facebook.com\/Narodowa.Fundacja.Snu\/\"]}]}<\/script>\n<!-- \/ Yoast SEO plugin. -->","yoast_head_json":{"title":"Misja - Narodowa Fundacja Snu","robots":{"index":"index","follow":"follow","max-snippet":"max-snippet:-1","max-image-preview":"max-image-preview:large","max-video-preview":"max-video-preview:-1"},"canonical":"https:\/\/www.nfs.org.pl\/index.php\/misja\/","og_locale":"pl_PL","og_type":"article","og_title":"Misja - Narodowa Fundacja Snu","og_description":"Sen to 1\/3 naszego \u017cycia. Nasz\u0105 misj\u0105 jest u\u015bwiadomienie osobom odpowiedzialnym za opiek\u0119 zdrowotn\u0105 i wszystkim Polakom jego znaczenia i wagi. Chcemy poprawi\u0107 jako\u015b\u0107 opieki zdrowotnej zwi\u0105zanej ze snem. Chcemy poprawi\u0107 nasze wsp\u00f3lne bezpiecze\u0144stwo, zwiazane z przem\u0119czonymi i niewyspanymi kierowcami, pracownikami transportu. Chcemy r\u00f3wnie\u017c u\u015bwiadomi\u0107 rodzicom jak wa\u017cny jest sen ich pociech.","og_url":"https:\/\/www.nfs.org.pl\/index.php\/misja\/","og_site_name":"Narodowa Fundacja Snu","article_publisher":"https:\/\/www.facebook.com\/Narodowa.Fundacja.Snu\/","twitter_card":"summary_large_image","schema":{"@context":"https:\/\/schema.org","@graph":[{"@type":"WebPage","@id":"https:\/\/www.nfs.org.pl\/index.php\/misja\/","url":"https:\/\/www.nfs.org.pl\/index.php\/misja\/","name":"Misja - Narodowa Fundacja Snu","isPartOf":{"@id":"https:\/\/www.nfs.org.pl\/#website"},"datePublished":"2017-02-07T15:44:39+00:00","breadcrumb":{"@id":"https:\/\/www.nfs.org.pl\/index.php\/misja\/#breadcrumb"},"inLanguage":"pl-PL","potentialAction":[{"@type":"ReadAction","target":["https:\/\/www.nfs.org.pl\/index.php\/misja\/"]}]},{"@type":"BreadcrumbList","@id":"https:\/\/www.nfs.org.pl\/index.php\/misja\/#breadcrumb","itemListElement":[{"@type":"ListItem","position":1,"name":"Strona g\u0142\u00f3wna","item":"https:\/\/www.nfs.org.pl\/"},{"@type":"ListItem","position":2,"name":"Misja"}]},{"@type":"WebSite","@id":"https:\/\/www.nfs.org.pl\/#website","url":"https:\/\/www.nfs.org.pl\/","name":"Narodowa Fundacja Snu","description":"Sen to 1\/3 Twojego \u017cycia. Pami\u0119taj o nim!","publisher":{"@id":"https:\/\/www.nfs.org.pl\/#organization"},"potentialAction":[{"@type":"SearchAction","target":{"@type":"EntryPoint","urlTemplate":"https:\/\/www.nfs.org.pl\/?s={search_term_string}"},"query-input":{"@type":"PropertyValueSpecification","valueRequired":true,"valueName":"search_term_string"}}],"inLanguage":"pl-PL"},{"@type":"Organization","@id":"https:\/\/www.nfs.org.pl\/#organization","name":"Narodowa Fundacja Snu","url":"https:\/\/www.nfs.org.pl\/","logo":{"@type":"ImageObject","inLanguage":"pl-PL","@id":"https:\/\/www.nfs.org.pl\/#\/schema\/logo\/image\/","url":"https:\/\/i0.wp.com\/www.nfs.org.pl\/wp-content\/uploads\/2020\/03\/cropped-NFS-logo-big-granat-transparent-v2.png?fit=486%2C250&ssl=1","contentUrl":"https:\/\/i0.wp.com\/www.nfs.org.pl\/wp-content\/uploads\/2020\/03\/cropped-NFS-logo-big-granat-transparent-v2.png?fit=486%2C250&ssl=1","width":486,"height":250,"caption":"Narodowa Fundacja Snu"},"image":{"@id":"https:\/\/www.nfs.org.pl\/#\/schema\/logo\/image\/"},"sameAs":["https:\/\/www.facebook.com\/Narodowa.Fundacja.Snu\/"]}]}},"jetpack_sharing_enabled":true,"_links":{"self":[{"href":"https:\/\/www.nfs.org.pl\/index.php\/wp-json\/wp\/v2\/pages\/62"}],"collection":[{"href":"https:\/\/www.nfs.org.pl\/index.php\/wp-json\/wp\/v2\/pages"}],"about":[{"href":"https:\/\/www.nfs.org.pl\/index.php\/wp-json\/wp\/v2\/types\/page"}],"author":[{"embeddable":true,"href":"https:\/\/www.nfs.org.pl\/index.php\/wp-json\/wp\/v2\/users\/1"}],"replies":[{"embeddable":true,"href":"https:\/\/www.nfs.org.pl\/index.php\/wp-json\/wp\/v2\/comments?post=62"}],"version-history":[{"count":0,"href":"https:\/\/www.nfs.org.pl\/index.php\/wp-json\/wp\/v2\/pages\/62\/revisions"}],"wp:attachment":[{"href":"https:\/\/www.nfs.org.pl\/index.php\/wp-json\/wp\/v2\/media?parent=62"}],"curies":[{"name":"wp","href":"https:\/\/api.w.org\/{rel}","templated":true}]}}