{"id":66,"date":"2017-02-07T16:45:57","date_gmt":"2017-02-07T15:45:57","guid":{"rendered":"http:\/\/medisoft.net.pl\/nfs-wp\/?page_id=66"},"modified":"2024-06-28T20:59:02","modified_gmt":"2024-06-28T18:59:02","slug":"zarzad","status":"publish","type":"page","link":"https:\/\/www.nfs.org.pl\/index.php\/zarzad\/","title":{"rendered":"Zarz\u0105d"},"content":{"rendered":"<div id=\"widget-9449e252-2a80-71fc-9c96-1ac9435ae5e1\" class=\"widget widget-text\">\n<div class=\"widget-content\">\n<p><strong>Sk\u0142ad Zarz\u0105du Fundacji:<\/strong><\/p>\n<p>Adam Wichniak &#8211; Prezes Fundacji<\/p>\n<p>Wojciech Jernajczyk &#8211; Wiceprezes Fundacji<\/p>\n<p>Tomasz Jakubczyk &#8211; cz\u0142onek Zarz\u0105du Fundacji<\/p>\n<p>Aneta Walerjan &#8211; cz\u0142onek Zarz\u0105du Fundacji<\/p>\n<p>Aleksandra Wierzbicka-Wichniak &#8211; cz\u0142onek Zarz\u0105du Fundacji, rzecznik prasowy<\/p>\n<p>Aby wys\u0142a\u0107 list na adres e-mail dowolnego cz\u0142onka Zarz\u0105du prosimy pisa\u0107 na adres utworzony zgodnie z wzorem:<\/p>\n<p>pierwsza litera imienia + pe\u0142ne nazwisko (at) nfs.org.pl.<br \/>\nUwaga: (at) prosz\u0119 zast\u0105pi\u0107 znakiem @<\/p>\n<p>Odpowiednie, aktualne adresy to: awichniak, wjernajczyk, tjakubczyk, awalerjan, awierzbicka (at) nfs.org.pl<\/p>\n<\/div>\n<\/div>\n","protected":false},"excerpt":{"rendered":"<p>Sk\u0142ad Zarz\u0105du Fundacji: Adam Wichniak &#8211; Prezes Fundacji Wojciech Jernajczyk &#8211; Wiceprezes Fundacji Tomasz Jakubczyk &#8211; cz\u0142onek Zarz\u0105du Fundacji Aneta Walerjan &#8211; cz\u0142onek Zarz\u0105du Fundacji Aleksandra Wierzbicka-Wichniak &#8211; cz\u0142onek Zarz\u0105du Fundacji, rzecznik prasowy Aby wys\u0142a\u0107 list na adres e-mail dowolnego cz\u0142onka Zarz\u0105du prosimy pisa\u0107 na adres utworzony zgodnie z wzorem: pierwsza litera imienia + pe\u0142ne &hellip; <\/p>\n<p class=\"link-more\"><a href=\"https:\/\/www.nfs.org.pl\/index.php\/zarzad\/\" class=\"more-link\">Czytaj dalej<span class=\"screen-reader-text\"> \u201eZarz\u0105d\u201d<\/span><\/a><\/p>\n","protected":false},"author":1,"featured_media":0,"parent":0,"menu_order":0,"comment_status":"closed","ping_status":"closed","template":"","meta":{"footnotes":""},"class_list":["post-66","page","type-page","status-publish","hentry"],"yoast_head":"<!-- This site is optimized with the Yoast SEO plugin v25.6 - https:\/\/yoast.com\/wordpress\/plugins\/seo\/ -->\n<title>Zarz\u0105d - Narodowa Fundacja Snu<\/title>\n<meta name=\"robots\" content=\"index, follow, max-snippet:-1, max-image-preview:large, max-video-preview:-1\" \/>\n<link rel=\"canonical\" href=\"https:\/\/www.nfs.org.pl\/index.php\/zarzad\/\" \/>\n<meta property=\"og:locale\" content=\"pl_PL\" \/>\n<meta property=\"og:type\" content=\"article\" \/>\n<meta property=\"og:title\" content=\"Zarz\u0105d - Narodowa Fundacja Snu\" \/>\n<meta property=\"og:description\" content=\"Sk\u0142ad Zarz\u0105du Fundacji: Adam Wichniak &#8211; Prezes Fundacji Wojciech Jernajczyk &#8211; Wiceprezes Fundacji Tomasz Jakubczyk &#8211; cz\u0142onek Zarz\u0105du Fundacji Aneta Walerjan &#8211; cz\u0142onek Zarz\u0105du Fundacji Aleksandra Wierzbicka-Wichniak &#8211; cz\u0142onek Zarz\u0105du Fundacji, rzecznik prasowy Aby wys\u0142a\u0107 list na adres e-mail dowolnego cz\u0142onka Zarz\u0105du prosimy pisa\u0107 na adres utworzony zgodnie z wzorem: pierwsza litera imienia + pe\u0142ne &hellip; Czytaj dalej \u201eZarz\u0105d\u201d\" \/>\n<meta property=\"og:url\" content=\"https:\/\/www.nfs.org.pl\/index.php\/zarzad\/\" \/>\n<meta property=\"og:site_name\" content=\"Narodowa Fundacja Snu\" \/>\n<meta property=\"article:publisher\" content=\"https:\/\/www.facebook.com\/Narodowa.Fundacja.Snu\/\" \/>\n<meta property=\"article:modified_time\" content=\"2024-06-28T18:59:02+00:00\" \/>\n<meta name=\"twitter:card\" content=\"summary_large_image\" \/>\n<meta name=\"twitter:label1\" content=\"Szacowany czas czytania\" \/>\n\t<meta name=\"twitter:data1\" content=\"1 minuta\" \/>\n<script type=\"application\/ld+json\" class=\"yoast-schema-graph\">{\"@context\":\"https:\/\/schema.org\",\"@graph\":[{\"@type\":\"WebPage\",\"@id\":\"https:\/\/www.nfs.org.pl\/index.php\/zarzad\/\",\"url\":\"https:\/\/www.nfs.org.pl\/index.php\/zarzad\/\",\"name\":\"Zarz\u0105d - Narodowa Fundacja Snu\",\"isPartOf\":{\"@id\":\"https:\/\/www.nfs.org.pl\/#website\"},\"datePublished\":\"2017-02-07T15:45:57+00:00\",\"dateModified\":\"2024-06-28T18:59:02+00:00\",\"breadcrumb\":{\"@id\":\"https:\/\/www.nfs.org.pl\/index.php\/zarzad\/#breadcrumb\"},\"inLanguage\":\"pl-PL\",\"potentialAction\":[{\"@type\":\"ReadAction\",\"target\":[\"https:\/\/www.nfs.org.pl\/index.php\/zarzad\/\"]}]},{\"@type\":\"BreadcrumbList\",\"@id\":\"https:\/\/www.nfs.org.pl\/index.php\/zarzad\/#breadcrumb\",\"itemListElement\":[{\"@type\":\"ListItem\",\"position\":1,\"name\":\"Strona g\u0142\u00f3wna\",\"item\":\"https:\/\/www.nfs.org.pl\/\"},{\"@type\":\"ListItem\",\"position\":2,\"name\":\"Zarz\u0105d\"}]},{\"@type\":\"WebSite\",\"@id\":\"https:\/\/www.nfs.org.pl\/#website\",\"url\":\"https:\/\/www.nfs.org.pl\/\",\"name\":\"Narodowa Fundacja Snu\",\"description\":\"Sen to 1\/3 Twojego \u017cycia. Pami\u0119taj o nim!\",\"publisher\":{\"@id\":\"https:\/\/www.nfs.org.pl\/#organization\"},\"potentialAction\":[{\"@type\":\"SearchAction\",\"target\":{\"@type\":\"EntryPoint\",\"urlTemplate\":\"https:\/\/www.nfs.org.pl\/?s={search_term_string}\"},\"query-input\":{\"@type\":\"PropertyValueSpecification\",\"valueRequired\":true,\"valueName\":\"search_term_string\"}}],\"inLanguage\":\"pl-PL\"},{\"@type\":\"Organization\",\"@id\":\"https:\/\/www.nfs.org.pl\/#organization\",\"name\":\"Narodowa Fundacja Snu\",\"url\":\"https:\/\/www.nfs.org.pl\/\",\"logo\":{\"@type\":\"ImageObject\",\"inLanguage\":\"pl-PL\",\"@id\":\"https:\/\/www.nfs.org.pl\/#\/schema\/logo\/image\/\",\"url\":\"https:\/\/i0.wp.com\/www.nfs.org.pl\/wp-content\/uploads\/2020\/03\/cropped-NFS-logo-big-granat-transparent-v2.png?fit=486%2C250&ssl=1\",\"contentUrl\":\"https:\/\/i0.wp.com\/www.nfs.org.pl\/wp-content\/uploads\/2020\/03\/cropped-NFS-logo-big-granat-transparent-v2.png?fit=486%2C250&ssl=1\",\"width\":486,\"height\":250,\"caption\":\"Narodowa Fundacja Snu\"},\"image\":{\"@id\":\"https:\/\/www.nfs.org.pl\/#\/schema\/logo\/image\/\"},\"sameAs\":[\"https:\/\/www.facebook.com\/Narodowa.Fundacja.Snu\/\"]}]}<\/script>\n<!-- \/ Yoast SEO plugin. -->","yoast_head_json":{"title":"Zarz\u0105d - Narodowa Fundacja Snu","robots":{"index":"index","follow":"follow","max-snippet":"max-snippet:-1","max-image-preview":"max-image-preview:large","max-video-preview":"max-video-preview:-1"},"canonical":"https:\/\/www.nfs.org.pl\/index.php\/zarzad\/","og_locale":"pl_PL","og_type":"article","og_title":"Zarz\u0105d - Narodowa Fundacja Snu","og_description":"Sk\u0142ad Zarz\u0105du Fundacji: Adam Wichniak &#8211; Prezes Fundacji Wojciech Jernajczyk &#8211; Wiceprezes Fundacji Tomasz Jakubczyk &#8211; cz\u0142onek Zarz\u0105du Fundacji Aneta Walerjan &#8211; cz\u0142onek Zarz\u0105du Fundacji Aleksandra Wierzbicka-Wichniak &#8211; cz\u0142onek Zarz\u0105du Fundacji, rzecznik prasowy Aby wys\u0142a\u0107 list na adres e-mail dowolnego cz\u0142onka Zarz\u0105du prosimy pisa\u0107 na adres utworzony zgodnie z wzorem: pierwsza litera imienia + pe\u0142ne &hellip; Czytaj dalej \u201eZarz\u0105d\u201d","og_url":"https:\/\/www.nfs.org.pl\/index.php\/zarzad\/","og_site_name":"Narodowa Fundacja Snu","article_publisher":"https:\/\/www.facebook.com\/Narodowa.Fundacja.Snu\/","article_modified_time":"2024-06-28T18:59:02+00:00","twitter_card":"summary_large_image","twitter_misc":{"Szacowany czas czytania":"1 minuta"},"schema":{"@context":"https:\/\/schema.org","@graph":[{"@type":"WebPage","@id":"https:\/\/www.nfs.org.pl\/index.php\/zarzad\/","url":"https:\/\/www.nfs.org.pl\/index.php\/zarzad\/","name":"Zarz\u0105d - Narodowa Fundacja Snu","isPartOf":{"@id":"https:\/\/www.nfs.org.pl\/#website"},"datePublished":"2017-02-07T15:45:57+00:00","dateModified":"2024-06-28T18:59:02+00:00","breadcrumb":{"@id":"https:\/\/www.nfs.org.pl\/index.php\/zarzad\/#breadcrumb"},"inLanguage":"pl-PL","potentialAction":[{"@type":"ReadAction","target":["https:\/\/www.nfs.org.pl\/index.php\/zarzad\/"]}]},{"@type":"BreadcrumbList","@id":"https:\/\/www.nfs.org.pl\/index.php\/zarzad\/#breadcrumb","itemListElement":[{"@type":"ListItem","position":1,"name":"Strona g\u0142\u00f3wna","item":"https:\/\/www.nfs.org.pl\/"},{"@type":"ListItem","position":2,"name":"Zarz\u0105d"}]},{"@type":"WebSite","@id":"https:\/\/www.nfs.org.pl\/#website","url":"https:\/\/www.nfs.org.pl\/","name":"Narodowa Fundacja Snu","description":"Sen to 1\/3 Twojego \u017cycia. Pami\u0119taj o nim!","publisher":{"@id":"https:\/\/www.nfs.org.pl\/#organization"},"potentialAction":[{"@type":"SearchAction","target":{"@type":"EntryPoint","urlTemplate":"https:\/\/www.nfs.org.pl\/?s={search_term_string}"},"query-input":{"@type":"PropertyValueSpecification","valueRequired":true,"valueName":"search_term_string"}}],"inLanguage":"pl-PL"},{"@type":"Organization","@id":"https:\/\/www.nfs.org.pl\/#organization","name":"Narodowa Fundacja Snu","url":"https:\/\/www.nfs.org.pl\/","logo":{"@type":"ImageObject","inLanguage":"pl-PL","@id":"https:\/\/www.nfs.org.pl\/#\/schema\/logo\/image\/","url":"https:\/\/i0.wp.com\/www.nfs.org.pl\/wp-content\/uploads\/2020\/03\/cropped-NFS-logo-big-granat-transparent-v2.png?fit=486%2C250&ssl=1","contentUrl":"https:\/\/i0.wp.com\/www.nfs.org.pl\/wp-content\/uploads\/2020\/03\/cropped-NFS-logo-big-granat-transparent-v2.png?fit=486%2C250&ssl=1","width":486,"height":250,"caption":"Narodowa Fundacja Snu"},"image":{"@id":"https:\/\/www.nfs.org.pl\/#\/schema\/logo\/image\/"},"sameAs":["https:\/\/www.facebook.com\/Narodowa.Fundacja.Snu\/"]}]}},"jetpack_sharing_enabled":true,"_links":{"self":[{"href":"https:\/\/www.nfs.org.pl\/index.php\/wp-json\/wp\/v2\/pages\/66"}],"collection":[{"href":"https:\/\/www.nfs.org.pl\/index.php\/wp-json\/wp\/v2\/pages"}],"about":[{"href":"https:\/\/www.nfs.org.pl\/index.php\/wp-json\/wp\/v2\/types\/page"}],"author":[{"embeddable":true,"href":"https:\/\/www.nfs.org.pl\/index.php\/wp-json\/wp\/v2\/users\/1"}],"replies":[{"embeddable":true,"href":"https:\/\/www.nfs.org.pl\/index.php\/wp-json\/wp\/v2\/comments?post=66"}],"version-history":[{"count":1,"href":"https:\/\/www.nfs.org.pl\/index.php\/wp-json\/wp\/v2\/pages\/66\/revisions"}],"predecessor-version":[{"id":1172,"href":"https:\/\/www.nfs.org.pl\/index.php\/wp-json\/wp\/v2\/pages\/66\/revisions\/1172"}],"wp:attachment":[{"href":"https:\/\/www.nfs.org.pl\/index.php\/wp-json\/wp\/v2\/media?parent=66"}],"curies":[{"name":"wp","href":"https:\/\/api.w.org\/{rel}","templated":true}]}}